{"id":3821,"date":"2024-01-02T18:37:05","date_gmt":"2024-01-02T17:37:05","guid":{"rendered":"https:\/\/mtssystems2024.live-website.com\/productos\/"},"modified":"2024-04-08T08:12:55","modified_gmt":"2024-04-08T06:12:55","slug":"productos","status":"publish","type":"page","link":"https:\/\/mts-systems.com\/es\/productos\/","title":{"rendered":"Productos"},"content":{"rendered":"<p>[et_pb_section fb_built=\u00bb1&#8243; admin_label=\u00bbHeader\u00bb _builder_version=\u00bb4.23.4&#8243; _module_preset=\u00bbdefault\u00bb use_background_color_gradient=\u00bbon\u00bb background_color_gradient_direction=\u00bb90deg\u00bb background_color_gradient_stops=\u00bb#ffffff 30%|rgba(255,255,255,0) 30%\u00bb background_color_gradient_overlays_image=\u00bbon\u00bb background_color_gradient_start=\u00bb#ffffff\u00bb background_color_gradient_start_position=\u00bb30%\u00bb background_color_gradient_end=\u00bbrgba(255,255,255,0)\u00bb background_color_gradient_end_position=\u00bb30%\u00bb background_image=\u00bbhttps:\/\/mts-systems.com\/wp-content\/uploads\/2023\/11\/Ladungstraeger.webp\u00bb background_position=\u00bbcenter_left\u00bb custom_padding=\u00bb||0px||false|false\u00bb locked=\u00bboff\u00bb global_colors_info=\u00bb{}\u00bb][et_pb_row column_structure=\u00bb2_3,1_3&#8243; use_custom_gutter=\u00bbon\u00bb gutter_width=\u00bb1&#8243; _builder_version=\u00bb4.23.4&#8243; _module_preset=\u00bbdefault\u00bb custom_padding=\u00bb||0px||false|false\u00bb global_colors_info=\u00bb{}\u00bb][et_pb_column type=\u00bb2_3&#8243; _builder_version=\u00bb4.23.4&#8243; _module_preset=\u00bbdefault\u00bb background_color=\u00bb#1799A8&#8243; custom_padding=\u00bb60px|60px|60px||true|false\u00bb custom_padding_tablet=\u00bb40px|40px|40px||true|false\u00bb custom_padding_phone=\u00bb20px|20px|20px|20px|true|true\u00bb custom_padding_last_edited=\u00bbon|phone\u00bb box_shadow_style=\u00bbpreset4&#8243; box_shadow_horizontal=\u00bb-355px\u00bb box_shadow_vertical=\u00bb0px\u00bb box_shadow_color=\u00bb#1799A8&#8243; global_colors_info=\u00bb{}\u00bb][et_pb_text _builder_version=\u00bb4.23.4&#8243; _module_preset=\u00bbe598b17a-9229-42f6-b238-019d6094332e\u00bb header_font=\u00bb|600|||||||\u00bb header_text_color=\u00bb#FFFFFF\u00bb header_font_size=\u00bb72px\u00bb header_line_height=\u00bb1.1em\u00bb custom_margin=\u00bb||0px||false|false\u00bb header_font_size_tablet=\u00bb40px\u00bb header_font_size_phone=\u00bb24px\u00bb header_font_size_last_edited=\u00bbon|phone\u00bb locked=\u00bboff\u00bb global_colors_info=\u00bb{}\u00bb]<\/p>\n<h1>Automation Ready<\/h1>\n<p>[\/et_pb_text][et_pb_text _builder_version=\u00bb4.23.4&#8243; _module_preset=\u00bb22d0da71-6393-430b-a0cd-b77dd565e85c\u00bb background_layout=\u00bbdark\u00bb custom_margin_tablet=\u00bb|||-60px|false|false\u00bb custom_margin_phone=\u00bb|||0px|false|false\u00bb custom_margin_last_edited=\u00bboff|desktop\u00bb header_font_size_tablet=\u00bb55px\u00bb header_font_size_last_edited=\u00bboff|desktop\u00bb locked=\u00bboff\u00bb global_colors_info=\u00bb{}\u00bb]<\/p>\n<p>Ofrecemos sistemas de apilado, portacargas, contenedores de transporte y sistemas de alimentaci\u00f3n para automatizaci\u00f3n. Hemos ampliado nuestra especializaci\u00f3n en amortiguaci\u00f3n segura y suministro para l\u00edneas de producci\u00f3n automatizadas de piezas met\u00e1licas tridimensionales a otros materiales como el vidrio, las bater\u00edas de iones de litio para autom\u00f3viles y los m\u00f3dulos de movilidad el\u00e9ctrica.<\/p>\n<p>[\/et_pb_text][\/et_pb_column][et_pb_column type=\u00bb1_3&#8243; _builder_version=\u00bb4.23.4&#8243; _module_preset=\u00bbdefault\u00bb global_colors_info=\u00bb{}\u00bb][\/et_pb_column][\/et_pb_row][\/et_pb_section][et_pb_section fb_built=\u00bb1&#8243; admin_label=\u00bbstack-buffer-feed\u00bb _builder_version=\u00bb4.16&#8243; _module_preset=\u00bbdefault\u00bb use_background_color_gradient=\u00bbon\u00bb background_color_gradient_direction=\u00bb90deg\u00bb background_color_gradient_stops=\u00bb#ffffff 50%|#f7f7f7 50%\u00bb background_color_gradient_start=\u00bb#ffffff\u00bb background_color_gradient_start_position=\u00bb50%\u00bb background_color_gradient_end=\u00bb#f7f7f7&#8243; background_color_gradient_end_position=\u00bb50%\u00bb global_module=\u00bb3962&#8243; saved_tabs=\u00bball\u00bb global_colors_info=\u00bb{}\u00bb][et_pb_row column_structure=\u00bb1_3,1_3,1_3&#8243; use_custom_gutter=\u00bbon\u00bb gutter_width=\u00bb2&#8243; _builder_version=\u00bb4.16&#8243; _module_preset=\u00bbdefault\u00bb global_colors_info=\u00bb{}\u00bb][et_pb_column type=\u00bb1_3&#8243; _builder_version=\u00bb4.16&#8243; _module_preset=\u00bbdefault\u00bb global_colors_info=\u00bb{}\u00bb][et_pb_text _builder_version=\u00bb4.23.4&#8243; _module_preset=\u00bb003e9429-8e11-4d9e-968b-8881092bbf81&#8243; header_2_text_color=\u00bb#000000&#8243; header_2_font_size=\u00bb48px\u00bb header_2_line_height=\u00bb1.1em\u00bb custom_margin=\u00bb||0px||false|false\u00bb header_2_font_size_tablet=\u00bb32px\u00bb header_2_font_size_phone=\u00bb20px\u00bb header_2_font_size_last_edited=\u00bbon|desktop\u00bb header_2_line_height_tablet=\u00bb1.2em\u00bb header_2_line_height_phone=\u00bb\u00bb header_2_line_height_last_edited=\u00bbon|phone\u00bb locked=\u00bboff\u00bb global_colors_info=\u00bb{}\u00bb]<\/p>\n<h2>Nuestras principales competencias<\/h2>\n<p>[\/et_pb_text][et_pb_text _builder_version=\u00bb4.23.4&#8243; _module_preset=\u00bbdefault\u00bb custom_margin=\u00bb||||false|false\u00bb global_colors_info=\u00bb{}\u00bb]<\/p>\n<p>Manipulaci\u00f3n segura de una amplia gama de materiales: chapa, vidrio, carbono, materiales compuestos, bater\u00edas de alto voltaje, m\u00f3dulos o conjuntos de bater\u00edas.<\/p>\n<p>[\/et_pb_text][et_pb_button button_url=\u00bbhttps:\/\/mts-systems.com\/es\/productos\/#stack\u00bb button_text=\u00bbm\u00e1s informaci\u00f3n\u00bb _builder_version=\u00bb4.23.4&#8243; _module_preset=\u00bbcefaa07f-9636-40fe-a939-2a0ccdc332c6&#8243; custom_button=\u00bbon\u00bb button_text_size=\u00bb12px\u00bb button_text_color=\u00bb#000000&#8243; button_bg_color=\u00bbRGBA(255,255,255,0)\u00bb button_bg_image=\u00bbhttps:\/\/ishtiaq.sandbox.etdevs.com\/corporate\/wp-content\/uploads\/sites\/37\/2021\/12\/corporate_17.png\u00bb button_bg_size=\u00bbinitial\u00bb button_bg_position=\u00bbcenter_right\u00bb button_border_width=\u00bb0px\u00bb button_border_radius=\u00bb0px\u00bb button_letter_spacing=\u00bb0.1em\u00bb button_font=\u00bb|700||on|||||\u00bb button_use_icon=\u00bboff\u00bb custom_padding=\u00bb|54px||0px|false|false\u00bb custom_padding_last_edited=\u00bboff|desktop\u00bb locked=\u00bboff\u00bb global_colors_info=\u00bb{}\u00bb][\/et_pb_button][\/et_pb_column][et_pb_column type=\u00bb1_3&#8243; _builder_version=\u00bb4.16&#8243; _module_preset=\u00bbdefault\u00bb global_colors_info=\u00bb{}\u00bb][et_pb_blurb title=\u00bbstack\u00bb image=\u00bbhttps:\/\/mts-systems.com\/wp-content\/uploads\/2023\/11\/mts-stack.webp\u00bb image_icon_width=\u00bb100%\u00bb _builder_version=\u00bb4.23.4&#8243; _module_preset=\u00bb4b92905e-9236-4a4d-b1eb-2bf004827169&#8243; header_text_color=\u00bb#000000&#8243; header_line_height=\u00bb1.1em\u00bb body_font=\u00bb||||||||\u00bb background_color=\u00bb#FFFFFF\u00bb custom_padding=\u00bb40px|40px|40px|40px|true|true\u00bb custom_padding_tablet=\u00bb30px|30px|30px|30px|true|true\u00bb custom_padding_phone=\u00bb20px|20px|20px|20px|true|true\u00bb custom_padding_last_edited=\u00bbon|phone\u00bb animation=\u00bboff\u00bb link_option_url=\u00bbhttps:\/\/mts-systems.com\/es\/productos\/#stack\u00bb box_shadow_style=\u00bbpreset1&#8243; box_shadow_color=\u00bbrgba(53,66,85,0.1)\u00bb locked=\u00bboff\u00bb global_colors_info=\u00bb{}\u00bb icon_color__hover=\u00bb#FFFFFF\u00bb icon_color__hover_enabled=\u00bbon|hover\u00bb header_text_color__hover=\u00bb#FFFFFF\u00bb header_text_color__hover_enabled=\u00bboff|desktop\u00bb background_color__hover=\u00bb#1D1D25&#8243; body_text_color__hover=\u00bb#FFFFFF\u00bb body_text_color__hover_enabled=\u00bboff|hover\u00bb background_enable_color__hover=\u00bbon\u00bb background__hover_enabled=\u00bboff|hover\u00bb]<\/p>\n<p>Columnas apilables para un apilado seguro de las piezas<\/p>\n<p>[\/et_pb_blurb][et_pb_blurb title=\u00bbPortacargas de alimentaci\u00f3n\u00bb image=\u00bbhttps:\/\/mts-systems.com\/wp-content\/uploads\/2023\/11\/mts-feed.webp\u00bb image_icon_width=\u00bb100%\u00bb _builder_version=\u00bb4.23.4&#8243; _module_preset=\u00bb4b92905e-9236-4a4d-b1eb-2bf004827169&#8243; header_text_color=\u00bb#000000&#8243; header_line_height=\u00bb1.1em\u00bb body_font=\u00bb||||||||\u00bb background_color=\u00bb#FFFFFF\u00bb custom_padding=\u00bb40px|40px|40px|40px|true|true\u00bb custom_padding_tablet=\u00bb30px|30px|30px|30px|true|true\u00bb custom_padding_phone=\u00bb20px|20px|20px|20px|true|true\u00bb custom_padding_last_edited=\u00bbon|phone\u00bb animation=\u00bboff\u00bb link_option_url=\u00bbhttps:\/\/mts-systems.com\/es\/productos\/#feed\u00bb box_shadow_style=\u00bbpreset1&#8243; box_shadow_color=\u00bbrgba(53,66,85,0.1)\u00bb locked=\u00bboff\u00bb global_colors_info=\u00bb{}\u00bb icon_color__hover=\u00bb#FFFFFF\u00bb icon_color__hover_enabled=\u00bbon|hover\u00bb header_text_color__hover=\u00bb#FFFFFF\u00bb header_text_color__hover_enabled=\u00bboff|desktop\u00bb body_text_color__hover=\u00bb#FFFFFF\u00bb body_text_color__hover_enabled=\u00bboff|desktop\u00bb background__hover_enabled=\u00bboff|hover\u00bb background_enable_color__hover=\u00bboff\u00bb]<\/p>\n<p>Automation Ready <span>Almacenamiento de alimentaci\u00f3n para un posicionamiento preciso<\/span><\/p>\n<p>[\/et_pb_blurb][\/et_pb_column][et_pb_column type=\u00bb1_3&#8243; _builder_version=\u00bb4.16&#8243; _module_preset=\u00bbdefault\u00bb global_colors_info=\u00bb{}\u00bb][et_pb_blurb title=\u00bbbuffer\u00bb image=\u00bbhttps:\/\/mts-systems.com\/wp-content\/uploads\/2023\/11\/mts-buffer.webp\u00bb image_icon_width=\u00bb100%\u00bb _builder_version=\u00bb4.23.4&#8243; _module_preset=\u00bb4b92905e-9236-4a4d-b1eb-2bf004827169&#8243; header_text_color=\u00bb#000000&#8243; header_line_height=\u00bb1.1em\u00bb body_font=\u00bb||||||||\u00bb background_color=\u00bb#FFFFFF\u00bb custom_padding=\u00bb40px|40px|40px|40px|true|true\u00bb custom_padding_tablet=\u00bb30px|30px|30px|30px|true|true\u00bb custom_padding_phone=\u00bb20px|20px|20px|20px|true|true\u00bb custom_padding_last_edited=\u00bbon|phone\u00bb animation=\u00bboff\u00bb link_option_url=\u00bbhttps:\/\/mts-systems.com\/es\/productos\/#buffer\u00bb box_shadow_style=\u00bbpreset1&#8243; box_shadow_color=\u00bbrgba(53,66,85,0.1)\u00bb locked=\u00bboff\u00bb global_colors_info=\u00bb{}\u00bb icon_color__hover=\u00bb#FFFFFF\u00bb icon_color__hover_enabled=\u00bbon|hover\u00bb header_text_color__hover=\u00bb#FFFFFF\u00bb header_text_color__hover_enabled=\u00bboff|desktop\u00bb background_color__hover=\u00bb#1D1D25&#8243; body_text_color__hover=\u00bb#FFFFFF\u00bb body_text_color__hover_enabled=\u00bboff|desktop\u00bb background_enable_color__hover=\u00bbon\u00bb background__hover_enabled=\u00bboff|hover\u00bb]<\/p>\n<p><span>Soportes de carga y almacenamiento intermedio con la m\u00e1xima densidad de embalaje<\/span><\/p>\n<p>[\/et_pb_blurb][et_pb_blurb title=\u00bbFeed LCA\u00bb image=\u00bbhttps:\/\/mts-systems.com\/wp-content\/uploads\/2023\/11\/mts-feed-lca.webp\u00bb image_icon_width=\u00bb100%\u00bb _builder_version=\u00bb4.23.4&#8243; _module_preset=\u00bb4b92905e-9236-4a4d-b1eb-2bf004827169&#8243; header_text_color=\u00bb#000000&#8243; header_line_height=\u00bb1.1em\u00bb body_font=\u00bb||||||||\u00bb background_color=\u00bb#FFFFFF\u00bb custom_padding=\u00bb40px|40px|40px|40px|true|true\u00bb custom_padding_tablet=\u00bb30px|30px|30px|30px|true|true\u00bb custom_padding_phone=\u00bb20px|20px|20px|20px|true|true\u00bb custom_padding_last_edited=\u00bbon|phone\u00bb animation=\u00bboff\u00bb link_option_url=\u00bbhttps:\/\/mts-systems.com\/es\/productos\/#feed\u00bb box_shadow_style=\u00bbpreset1&#8243; box_shadow_color=\u00bbrgba(53,66,85,0.1)\u00bb locked=\u00bboff\u00bb global_colors_info=\u00bb{}\u00bb icon_color__hover=\u00bb#FFFFFF\u00bb icon_color__hover_enabled=\u00bbon|hover\u00bb header_text_color__hover=\u00bb#FFFFFF\u00bb header_text_color__hover_enabled=\u00bboff|desktop\u00bb background_color__hover=\u00bb#1D1D25&#8243; body_text_color__hover=\u00bb#FFFFFF\u00bb body_text_color__hover_enabled=\u00bboff|desktop\u00bb background_enable_color__hover=\u00bbon\u00bb background__hover_enabled=\u00bboff|hover\u00bb]<\/p>\n<p>Automation Ready <span>Almacenamiento de alimentaci\u00f3n para un posicionamiento preciso<\/span><\/p>\n<p>[\/et_pb_blurb][\/et_pb_column][\/et_pb_row][\/et_pb_section][et_pb_section fb_built=\u00bb1&#8243; admin_label=\u00bbSection\u00bb module_id=\u00bbstack\u00bb _builder_version=\u00bb4.23.4&#8243; _module_preset=\u00bbdefault\u00bb global_colors_info=\u00bb{}\u00bb][et_pb_row column_structure=\u00bb1_3,2_3&#8243; _builder_version=\u00bb4.23.4&#8243; _module_preset=\u00bbdefault\u00bb global_colors_info=\u00bb{}\u00bb][et_pb_column type=\u00bb1_3&#8243; _builder_version=\u00bb4.23.4&#8243; _module_preset=\u00bbdefault\u00bb global_colors_info=\u00bb{}\u00bb][et_pb_image src=\u00bbhttps:\/\/mts-systems.com\/wp-content\/uploads\/2024\/01\/mts-stack.webp\u00bb alt=\u00bbMts Stack\u00bb title_text=\u00bbmts-stack\u00bb _builder_version=\u00bb4.23.4&#8243; _module_preset=\u00bbdefault\u00bb max_width=\u00bb60px\u00bb module_alignment=\u00bbright\u00bb global_colors_info=\u00bb{}\u00bb][\/et_pb_image][\/et_pb_column][et_pb_column type=\u00bb2_3&#8243; _builder_version=\u00bb4.23.4&#8243; _module_preset=\u00bbdefault\u00bb global_colors_info=\u00bb{}\u00bb][et_pb_text _builder_version=\u00bb4.23.4&#8243; _module_preset=\u00bbdefault\u00bb global_colors_info=\u00bb{}\u00bb]<\/p>\n<h2>stack<\/h2>\n<p>[\/et_pb_text][et_pb_text _builder_version=\u00bb4.23.4&#8243; _module_preset=\u00bbdefault\u00bb global_colors_info=\u00bb{}\u00bb]<\/p>\n<h3>Pilares de cierre y portapiezas<\/h3>\n<p>Protecci\u00f3n de piezas sin concesiones en cuanto a ubicaci\u00f3n y calidad<\/p>\n<p>&nbsp;<\/p>\n<ul>\n<li>Reducir las paradas de producci\u00f3n<\/li>\n<li>Elimina los da\u00f1os en los componentes<\/li>\n<li>Los cierres mts sujetan o sujetan los componentes de forma segura<\/li>\n<li>Soportes de asas que funcionan de forma fiable<\/li>\n<li>Portapiezas optimizados para la pieza &amp; aplicaci\u00f3n<\/li>\n<\/ul>\n<p>[\/et_pb_text][\/et_pb_column][\/et_pb_row][et_pb_row _builder_version=\u00bb4.23.4&#8243; _module_preset=\u00bbdefault\u00bb global_colors_info=\u00bb{}\u00bb][et_pb_column type=\u00bb4_4&#8243; _builder_version=\u00bb4.23.4&#8243; _module_preset=\u00bbdefault\u00bb global_colors_info=\u00bb{}\u00bb][et_pb_gallery gallery_ids=\u00bb4245,4241,4237,4233,4229,4225,4221,4217&#8243; posts_number=\u00bb8&#8243; show_title_and_caption=\u00bboff\u00bb _builder_version=\u00bb4.24.3&#8243; _module_preset=\u00bbdefault\u00bb global_colors_info=\u00bb{}\u00bb][\/et_pb_gallery][\/et_pb_column][\/et_pb_row][\/et_pb_section][et_pb_section fb_built=\u00bb1&#8243; admin_label=\u00bbSection\u00bb module_id=\u00bbbuffer\u00bb _builder_version=\u00bb4.23.4&#8243; _module_preset=\u00bbdefault\u00bb global_colors_info=\u00bb{}\u00bb][et_pb_row column_structure=\u00bb1_3,2_3&#8243; _builder_version=\u00bb4.23.4&#8243; _module_preset=\u00bbdefault\u00bb global_colors_info=\u00bb{}\u00bb][et_pb_column type=\u00bb1_3&#8243; _builder_version=\u00bb4.23.4&#8243; _module_preset=\u00bbdefault\u00bb global_colors_info=\u00bb{}\u00bb][et_pb_image src=\u00bbhttps:\/\/mts-systems.com\/wp-content\/uploads\/2024\/01\/mts-buffer.webp\u00bb alt=\u00bbmts Buffer\u00bb title_text=\u00bbmts-buffer\u00bb _builder_version=\u00bb4.23.4&#8243; _module_preset=\u00bbdefault\u00bb max_width=\u00bb60px\u00bb module_alignment=\u00bbright\u00bb global_colors_info=\u00bb{}\u00bb][\/et_pb_image][\/et_pb_column][et_pb_column type=\u00bb2_3&#8243; _builder_version=\u00bb4.23.4&#8243; _module_preset=\u00bbdefault\u00bb global_colors_info=\u00bb{}\u00bb][et_pb_text _builder_version=\u00bb4.23.4&#8243; _module_preset=\u00bbdefault\u00bb global_colors_info=\u00bb{}\u00bb]<\/p>\n<h2>buffer<\/h2>\n<p>[\/et_pb_text][et_pb_text _builder_version=\u00bb4.23.4&#8243; _module_preset=\u00bbdefault\u00bb global_colors_info=\u00bb{}\u00bb]<\/p>\n<h3>Portacargas individual \/ m\u00faltiple<\/h3>\n<p>M\u00e1xima densidad de embalaje para un aprovechamiento \u00f3ptimo del espacio<\/p>\n<p>&nbsp;<\/p>\n<ul>\n<li>Reduzca los costes de transporte<\/li>\n<li>Automation ready<\/li>\n<li>Hasta un 40% m\u00e1s de p\u00e1ginas en un rack &gt; kleinste Teilungen<\/li>\n<li>Cierre autom\u00e1tico accionado por robot<\/li>\n<\/ul>\n<p>[\/et_pb_text][\/et_pb_column][\/et_pb_row][et_pb_row _builder_version=\u00bb4.23.4&#8243; _module_preset=\u00bbdefault\u00bb global_colors_info=\u00bb{}\u00bb][et_pb_column type=\u00bb4_4&#8243; _builder_version=\u00bb4.23.4&#8243; _module_preset=\u00bbdefault\u00bb global_colors_info=\u00bb{}\u00bb][et_pb_gallery gallery_ids=\u00bb4341,4337,4333,4329,4325,4321,4317,4313&#8243; posts_number=\u00bb8&#8243; show_title_and_caption=\u00bboff\u00bb _builder_version=\u00bb4.24.3&#8243; _module_preset=\u00bbdefault\u00bb global_colors_info=\u00bb{}\u00bb][\/et_pb_gallery][\/et_pb_column][\/et_pb_row][\/et_pb_section][et_pb_section fb_built=\u00bb1&#8243; admin_label=\u00bbSection\u00bb module_id=\u00bbfeed\u00bb _builder_version=\u00bb4.23.4&#8243; _module_preset=\u00bbdefault\u00bb global_colors_info=\u00bb{}\u00bb][et_pb_row column_structure=\u00bb1_3,2_3&#8243; _builder_version=\u00bb4.23.4&#8243; _module_preset=\u00bbdefault\u00bb global_colors_info=\u00bb{}\u00bb][et_pb_column type=\u00bb1_3&#8243; _builder_version=\u00bb4.23.4&#8243; _module_preset=\u00bbdefault\u00bb global_colors_info=\u00bb{}\u00bb][et_pb_image src=\u00bbhttps:\/\/mts-systems.com\/wp-content\/uploads\/2024\/01\/mts-feed.webp\u00bb alt=\u00bbmts Feed\u00bb title_text=\u00bbmts-feed\u00bb _builder_version=\u00bb4.23.4&#8243; _module_preset=\u00bbdefault\u00bb max_width=\u00bb60px\u00bb module_alignment=\u00bbright\u00bb global_colors_info=\u00bb{}\u00bb][\/et_pb_image][\/et_pb_column][et_pb_column type=\u00bb2_3&#8243; _builder_version=\u00bb4.23.4&#8243; _module_preset=\u00bbdefault\u00bb global_colors_info=\u00bb{}\u00bb][et_pb_text _builder_version=\u00bb4.23.4&#8243; _module_preset=\u00bbdefault\u00bb global_colors_info=\u00bb{}\u00bb]<\/p>\n<h2>feed<\/h2>\n<p>[\/et_pb_text][et_pb_text _builder_version=\u00bb4.23.4&#8243; _module_preset=\u00bbdefault\u00bb global_colors_info=\u00bb{}\u00bb]<\/p>\n<h3>Almacenamiento de piensos Carro caj\u00f3n y almacenamiento giratorio<\/h3>\n<p>LCA | Automatizaci\u00f3n de bajo coste<\/p>\n<p>&nbsp;<\/p>\n<ul>\n<li>Suministro de piezas independiente del ciclo con carros mts LCA<\/li>\n<li>Ahorre costes: Aumente la productividad<\/li>\n<li>Alimente hasta 50 veces m\u00e1s piezas para obtener m\u00e1s productividad por metro cuadrado<\/li>\n<li>La producci\u00f3n automatizada de hasta 8 horas permite el funcionamiento en varias estaciones<\/li>\n<li>Puesta en marcha en el menor tiempo posible y sin tiempos de inactividad<\/li>\n<\/ul>\n<p>[\/et_pb_text][\/et_pb_column][\/et_pb_row][et_pb_row _builder_version=\u00bb4.23.4&#8243; _module_preset=\u00bbdefault\u00bb global_colors_info=\u00bb{}\u00bb][et_pb_column type=\u00bb4_4&#8243; _builder_version=\u00bb4.23.4&#8243; _module_preset=\u00bbdefault\u00bb global_colors_info=\u00bb{}\u00bb][et_pb_gallery gallery_ids=\u00bb4309,4305,4301,4297,4293,4289,4281,4277&#8243; posts_number=\u00bb8&#8243; show_title_and_caption=\u00bboff\u00bb _builder_version=\u00bb4.24.3&#8243; _module_preset=\u00bbdefault\u00bb hover_enabled=\u00bb0&#8243; global_colors_info=\u00bb{}\u00bb sticky_enabled=\u00bb0&#8243;][\/et_pb_gallery][\/et_pb_column][\/et_pb_row][\/et_pb_section]<\/p>\n","protected":false},"excerpt":{"rendered":"<p>Automation ReadyOfrecemos sistemas de apilado, portacargas, contenedores de transporte y sistemas de alimentaci\u00f3n para automatizaci\u00f3n. Hemos ampliado nuestra especializaci\u00f3n en amortiguaci\u00f3n segura y suministro para l\u00edneas de producci\u00f3n automatizadas de piezas met\u00e1licas tridimensionales a otros materiales como el vidrio, las bater\u00edas de iones de litio para autom\u00f3viles y los m\u00f3dulos de movilidad el\u00e9ctrica.Nuestras principales competenciasManipulaci\u00f3n [&hellip;]<\/p>\n","protected":false},"author":1,"featured_media":0,"parent":0,"menu_order":20,"comment_status":"closed","ping_status":"closed","template":"","meta":{"_et_pb_use_builder":"on","_et_pb_old_content":"","_et_gb_content_width":"","slim_seo":{"title":"Productos - mts stacking systems","description":"Automation Ready Ofrecemos sistemas de apilado, portacargas, contenedores de transporte y sistemas de alimentaci\u00f3n para automatizaci\u00f3n. Hemos ampliado nuestra e"},"footnotes":""},"class_list":["post-3821","page","type-page","status-publish","hentry"],"_links":{"self":[{"href":"https:\/\/mts-systems.com\/es\/wp-json\/wp\/v2\/pages\/3821","targetHints":{"allow":["GET"]}}],"collection":[{"href":"https:\/\/mts-systems.com\/es\/wp-json\/wp\/v2\/pages"}],"about":[{"href":"https:\/\/mts-systems.com\/es\/wp-json\/wp\/v2\/types\/page"}],"author":[{"embeddable":true,"href":"https:\/\/mts-systems.com\/es\/wp-json\/wp\/v2\/users\/1"}],"replies":[{"embeddable":true,"href":"https:\/\/mts-systems.com\/es\/wp-json\/wp\/v2\/comments?post=3821"}],"version-history":[{"count":21,"href":"https:\/\/mts-systems.com\/es\/wp-json\/wp\/v2\/pages\/3821\/revisions"}],"predecessor-version":[{"id":5210,"href":"https:\/\/mts-systems.com\/es\/wp-json\/wp\/v2\/pages\/3821\/revisions\/5210"}],"wp:attachment":[{"href":"https:\/\/mts-systems.com\/es\/wp-json\/wp\/v2\/media?parent=3821"}],"curies":[{"name":"wp","href":"https:\/\/api.w.org\/{rel}","templated":true}]}}